{"id":166,"date":"2025-09-27T10:20:22","date_gmt":"2025-09-27T10:20:22","guid":{"rendered":"https:\/\/fvhelpservices.fr\/?page_id=166"},"modified":"2025-11-17T10:39:16","modified_gmt":"2025-11-17T10:39:16","slug":"page-daccueil","status":"publish","type":"page","link":"https:\/\/fvhelpservices.fr\/","title":{"rendered":"Page d&rsquo;accueil"},"content":{"rendered":"\n<figure class=\"wp-block-image size-full is-resized\"><img fetchpriority=\"high\" decoding=\"async\" width=\"1080\" height=\"600\" src=\"http:\/\/fvhelpservices.fr\/wp-content\/uploads\/2025\/09\/Logo-anime.gif\" alt=\"\" class=\"wp-image-172\" style=\"width:349px;height:auto\"\/><\/figure>\n\n\n\n<div class=\"wp-block-columns is-layout-flex wp-container-core-columns-is-layout-28f84493 wp-block-columns-is-layout-flex\">\n<div class=\"wp-block-column is-layout-flow wp-block-column-is-layout-flow\" style=\"flex-basis:100%\">\n<div class=\"wp-block-columns is-layout-flex wp-container-core-columns-is-layout-28f84493 wp-block-columns-is-layout-flex\">\n<div class=\"wp-block-column is-layout-flow wp-block-column-is-layout-flow\">\n<p><strong>FV Help Services<\/strong> vous accompagne dans les besoins d&rsquo;entretien et d&rsquo;am\u00e9nagement de votre maison : travaux d&rsquo;int\u00e9rieur et d&rsquo;ext\u00e9rieur, r\u00e9paration, peinture, montage, r\u00e9novation et m\u00eame&#8230; m\u00e9canique v\u00e9lo.<\/p>\n\n\n\n<p>Vous avez un projet ? Parlons-en !<\/p>\n\n\n\n<p>Contact :<\/p>\n\n\n\n<p>06 42 97 75 33<\/p>\n\n\n\n<p><a href=\"mailto:contact@fvhelpservices.fr\">contact@fvhelpservices.fr<\/a><\/p>\n<\/div>\n<\/div>\n\n\n\n<p style=\"font-size:10px\">\u00a9 FVHS 2025 &#8211; Siret N\u00b0 991 454 273 00012<\/p>\n<\/div>\n<\/div>\n","protected":false},"excerpt":{"rendered":"<p>FV Help Services vous accompagne dans les besoins d&rsquo;entretien et d&rsquo;am\u00e9nagement de votre maison : travaux d&rsquo;int\u00e9rieur et d&rsquo;ext\u00e9rieur, r\u00e9paration, peinture, montage, r\u00e9novation et m\u00eame&#8230; m\u00e9canique v\u00e9lo. Vous avez un projet ? Parlons-en ! Contact : 06 42 97 75 33 contact@fvhelpservices.fr \u00a9 FVHS 2025 &#8211; Siret N\u00b0 991 454 273 00012<\/p>\n","protected":false},"author":1,"featured_media":0,"parent":0,"menu_order":0,"comment_status":"closed","ping_status":"closed","template":"","meta":{"footnotes":""},"class_list":["post-166","page","type-page","status-publish","hentry"],"_links":{"self":[{"href":"https:\/\/fvhelpservices.fr\/index.php\/wp-json\/wp\/v2\/pages\/166","targetHints":{"allow":["GET"]}}],"collection":[{"href":"https:\/\/fvhelpservices.fr\/index.php\/wp-json\/wp\/v2\/pages"}],"about":[{"href":"https:\/\/fvhelpservices.fr\/index.php\/wp-json\/wp\/v2\/types\/page"}],"author":[{"embeddable":true,"href":"https:\/\/fvhelpservices.fr\/index.php\/wp-json\/wp\/v2\/users\/1"}],"replies":[{"embeddable":true,"href":"https:\/\/fvhelpservices.fr\/index.php\/wp-json\/wp\/v2\/comments?post=166"}],"version-history":[{"count":5,"href":"https:\/\/fvhelpservices.fr\/index.php\/wp-json\/wp\/v2\/pages\/166\/revisions"}],"predecessor-version":[{"id":183,"href":"https:\/\/fvhelpservices.fr\/index.php\/wp-json\/wp\/v2\/pages\/166\/revisions\/183"}],"wp:attachment":[{"href":"https:\/\/fvhelpservices.fr\/index.php\/wp-json\/wp\/v2\/media?parent=166"}],"curies":[{"name":"wp","href":"https:\/\/api.w.org\/{rel}","templated":true}]}}